{"id":7021,"date":"2025-05-27T15:22:44","date_gmt":"2025-05-27T14:22:44","guid":{"rendered":"https:\/\/boumboum.fr\/?page_id=7021"},"modified":"2025-06-19T07:57:13","modified_gmt":"2025-06-19T06:57:13","slug":"mentions-legales","status":"publish","type":"page","link":"https:\/\/boumboum.fr\/en\/mentions-legales\/","title":{"rendered":"Legal Notice"},"content":{"rendered":"<div data-elementor-type=\"wp-page\" data-elementor-id=\"7021\" class=\"elementor elementor-7021\" data-elementor-post-type=\"page\">\n\t\t\t\t\t\t<section class=\"elementor-section elementor-top-section elementor-element elementor-element-9b89d0c elementor-section-full_width elementor-section-height-min-height elementor-section-items-stretch elementor-section-stretched elementor-section-height-default\" data-id=\"9b89d0c\" data-element_type=\"section\" data-e-type=\"section\" data-settings=\"{&quot;stretch_section&quot;:&quot;section-stretched&quot;}\">\n\t\t\t\t\t\t<div class=\"elementor-container elementor-column-gap-default\">\n\t\t\t\t\t<div class=\"elementor-column elementor-col-100 elementor-top-column elementor-element elementor-element-a19bfb9\" data-id=\"a19bfb9\" data-element_type=\"column\" data-e-type=\"column\" data-settings=\"{&quot;background_background&quot;:&quot;classic&quot;}\">\n\t\t\t<div class=\"elementor-widget-wrap elementor-element-populated\">\n\t\t\t\t\t<div class=\"elementor-background-overlay\"><\/div>\n\t\t\t\t\t\t<div class=\"elementor-element elementor-element-286140e1 elementor-widget elementor-widget-heading\" data-id=\"286140e1\" data-element_type=\"widget\" data-e-type=\"widget\" data-widget_type=\"heading.default\">\n\t\t\t\t<div class=\"elementor-widget-container\">\n\t\t\t\t\t<h2 class=\"elementor-heading-title elementor-size-default\">information<\/h2>\t\t\t\t<\/div>\n\t\t\t\t<\/div>\n\t\t\t\t<div class=\"elementor-element elementor-element-7dac99bd elementor-widget elementor-widget-heading\" data-id=\"7dac99bd\" data-element_type=\"widget\" data-e-type=\"widget\" data-widget_type=\"heading.default\">\n\t\t\t\t<div class=\"elementor-widget-container\">\n\t\t\t\t\t<h1 class=\"elementor-heading-title elementor-size-default\">Legal Notice<\/h1>\t\t\t\t<\/div>\n\t\t\t\t<\/div>\n\t\t\t\t\t<\/div>\n\t\t<\/div>\n\t\t\t\t\t<\/div>\n\t\t<\/section>\n\t\t\t\t<section class=\"elementor-section elementor-inner-section elementor-element elementor-element-e6d255e elementor-section-full_width elementor-section-height-default elementor-section-height-default\" data-id=\"e6d255e\" data-element_type=\"section\" data-e-type=\"section\">\n\t\t\t\t\t\t<div class=\"elementor-container elementor-column-gap-default\">\n\t\t\t\t\t<div class=\"elementor-column elementor-col-100 elementor-inner-column elementor-element elementor-element-13c10f0d\" data-id=\"13c10f0d\" data-element_type=\"column\" data-e-type=\"column\">\n\t\t\t<div class=\"elementor-widget-wrap elementor-element-populated\">\n\t\t\t\t\t\t<div class=\"elementor-element elementor-element-82967ec elementor-widget elementor-widget-heading\" data-id=\"82967ec\" data-element_type=\"widget\" data-e-type=\"widget\" data-widget_type=\"heading.default\">\n\t\t\t\t<div class=\"elementor-widget-container\">\n\t\t\t\t\t<h3 class=\"elementor-heading-title elementor-size-default\">1. Website presentation<\/h3>\t\t\t\t<\/div>\n\t\t\t\t<\/div>\n\t\t\t\t<div class=\"elementor-element elementor-element-606349c9 elementor-widget elementor-widget-text-editor\" data-id=\"606349c9\" data-element_type=\"widget\" data-e-type=\"widget\" data-widget_type=\"text-editor.default\">\n\t\t\t\t<div class=\"elementor-widget-container\">\n\t\t\t\t\t\t\t\t\t<p>This website, accessible at https:\/\/boumboum.fr (hereinafter referred to as \u201cthe Site\u201d), is a commercial showcase site for Boum Boum (a brand owned by Resone), specializing in the sale of ready-to-drink cocktails. <a href=\"https:\/\/boumboum.frm\">https:\/\/boumboum.fr<\/a> (ci-apr\u00e8s \u00ab\u00a0le Site\u00a0\u00bb), est un Site vitrine commercial de Boum Boum (marque propri\u00e9t\u00e9 de Resone), sp\u00e9cialis\u00e9 dans la vente de cocktails pr\u00eats \u00e0 consommer (\u00ab\u00a0cocktails pr\u00eats-\u00e0-boire\u00a0\u00bb).<\/p>\t\t\t\t\t\t\t\t<\/div>\n\t\t\t\t<\/div>\n\t\t\t\t<div class=\"elementor-element elementor-element-2377e3c elementor-widget elementor-widget-heading\" data-id=\"2377e3c\" data-element_type=\"widget\" data-e-type=\"widget\" data-widget_type=\"heading.default\">\n\t\t\t\t<div class=\"elementor-widget-container\">\n\t\t\t\t\t<h3 class=\"elementor-heading-title elementor-size-default\">2. Publisher information<\/h3>\t\t\t\t<\/div>\n\t\t\t\t<\/div>\n\t\t\t\t<div class=\"elementor-element elementor-element-74d5200 elementor-widget elementor-widget-text-editor\" data-id=\"74d5200\" data-element_type=\"widget\" data-e-type=\"widget\" data-widget_type=\"text-editor.default\">\n\t\t\t\t<div class=\"elementor-widget-container\">\n\t\t\t\t\t\t\t\t\t<p>The Site is published by the company Resone:\nSARL with a share capital of \u20ac15,000 \u2013 RCS PARIS 2006 B 22560 \u2013 VAT FR 33492954201 \u2013 73 rue de la Plaine, 75020 Paris, France.Phone: +33 9 81 98 82 77. Email: info@resone.eu. <a href=\"mailto:info@resone.eu\">info@resone.eu<\/a>. Publishing Director: Jean Philippe Colnet.<\/p>\t\t\t\t\t\t\t\t<\/div>\n\t\t\t\t<\/div>\n\t\t\t\t<div class=\"elementor-element elementor-element-4282d39 elementor-widget elementor-widget-heading\" data-id=\"4282d39\" data-element_type=\"widget\" data-e-type=\"widget\" data-widget_type=\"heading.default\">\n\t\t\t\t<div class=\"elementor-widget-container\">\n\t\t\t\t\t<h3 class=\"elementor-heading-title elementor-size-default\">3. Website hosting<\/h3>\t\t\t\t<\/div>\n\t\t\t\t<\/div>\n\t\t\t\t<div class=\"elementor-element elementor-element-5c88c73 elementor-widget__width-initial elementor-widget elementor-widget-text-editor\" data-id=\"5c88c73\" data-element_type=\"widget\" data-e-type=\"widget\" data-widget_type=\"text-editor.default\">\n\t\t\t\t<div class=\"elementor-widget-container\">\n\t\t\t\t\t\t\t\t\t<p>The Site is hosted by:<\/p><p>\u2022 IONOS SARL &#8211; 7, place de la Gare &#8211; BP 70109 &#8211; 57201 Sarreguemines Cedex<\/p><p>\u2022 SIRET : 431 303 775 000 16<\/p><p>\u2022 APE 642 B\u00a0<\/p><p>\u2022 R.C.S : Sarreguemines B 431 303 775<\/p><p>\u2022 EU VAT number: FR 13 431303775.<\/p>\t\t\t\t\t\t\t\t<\/div>\n\t\t\t\t<\/div>\n\t\t\t\t<div class=\"elementor-element elementor-element-c4c5e84 elementor-widget elementor-widget-heading\" data-id=\"c4c5e84\" data-element_type=\"widget\" data-e-type=\"widget\" data-widget_type=\"heading.default\">\n\t\t\t\t<div class=\"elementor-widget-container\">\n\t\t\t\t\t<h3 class=\"elementor-heading-title elementor-size-default\">4. Intellectual property<\/h3>\t\t\t\t<\/div>\n\t\t\t\t<\/div>\n\t\t\t\t<div class=\"elementor-element elementor-element-53e6f54 elementor-widget elementor-widget-text-editor\" data-id=\"53e6f54\" data-element_type=\"widget\" data-e-type=\"widget\" data-widget_type=\"text-editor.default\">\n\t\t\t\t<div class=\"elementor-widget-container\">\n\t\t\t\t\t\t\t\t\t<p>The content of the Site (texts, images, logos, graphics, etc.) is protected by intellectual property rights and is the property of Resone or its partners.<\/p><p>Any reproduction or representation, in whole or in part, without prior authorization is strictly prohibited.<\/p>\t\t\t\t\t\t\t\t<\/div>\n\t\t\t\t<\/div>\n\t\t\t\t<div class=\"elementor-element elementor-element-43be5df elementor-widget elementor-widget-heading\" data-id=\"43be5df\" data-element_type=\"widget\" data-e-type=\"widget\" data-widget_type=\"heading.default\">\n\t\t\t\t<div class=\"elementor-widget-container\">\n\t\t\t\t\t<h3 class=\"elementor-heading-title elementor-size-default\">5. Liability<\/h3>\t\t\t\t<\/div>\n\t\t\t\t<\/div>\n\t\t\t\t<div class=\"elementor-element elementor-element-79b40a5 elementor-widget elementor-widget-text-editor\" data-id=\"79b40a5\" data-element_type=\"widget\" data-e-type=\"widget\" data-widget_type=\"text-editor.default\">\n\t\t\t\t<div class=\"elementor-widget-container\">\n\t\t\t\t\t\t\t\t\t<p>Resone makes every effort to ensure the accuracy of the information published on the Site. However, it cannot guarantee the absence of errors or omissions. Under no circumstances shall Resone be held liable for any direct or indirect damage resulting from the use of the Site.<\/p>\t\t\t\t\t\t\t\t<\/div>\n\t\t\t\t<\/div>\n\t\t\t\t<div class=\"elementor-element elementor-element-f37e289 elementor-widget elementor-widget-heading\" data-id=\"f37e289\" data-element_type=\"widget\" data-e-type=\"widget\" data-widget_type=\"heading.default\">\n\t\t\t\t<div class=\"elementor-widget-container\">\n\t\t\t\t\t<h3 class=\"elementor-heading-title elementor-size-default\">6. Alcohol sale and legal warning<\/h3>\t\t\t\t<\/div>\n\t\t\t\t<\/div>\n\t\t\t\t<div class=\"elementor-element elementor-element-b5e22ee elementor-widget elementor-widget-text-editor\" data-id=\"b5e22ee\" data-element_type=\"widget\" data-e-type=\"widget\" data-widget_type=\"text-editor.default\">\n\t\t\t\t<div class=\"elementor-widget-container\">\n\t\t\t\t\t\t\t\t\t<p>The Site is intended exclusively for adults with legal capacity. In accordance with French law, the sale of alcoholic beverages to minors is prohibited. By accessing this Site, you certify that you are of legal age to purchase and consume alcoholic beverages in your country of residence.<\/p><p>\u2022 <span style=\"text-decoration: underline;\">Warning<\/span> : \"Excessive alcohol consumption is harmful to your health. Please drink responsibly.\"<\/p><p>\u2022 <span style=\"text-decoration: underline;\">Age verification<\/span> : \"By accessing this site, you certify that you are of legal age and legally able to purchase and consume alcoholic beverages. The Site may verify your age at the time of purchase.\"<\/p>\t\t\t\t\t\t\t\t<\/div>\n\t\t\t\t<\/div>\n\t\t\t\t<div class=\"elementor-element elementor-element-c343491 elementor-widget elementor-widget-heading\" data-id=\"c343491\" data-element_type=\"widget\" data-e-type=\"widget\" data-widget_type=\"heading.default\">\n\t\t\t\t<div class=\"elementor-widget-container\">\n\t\t\t\t\t<h3 class=\"elementor-heading-title elementor-size-default\">7. Personal data<\/h3>\t\t\t\t<\/div>\n\t\t\t\t<\/div>\n\t\t\t\t<div class=\"elementor-element elementor-element-0a99b87 elementor-widget elementor-widget-text-editor\" data-id=\"0a99b87\" data-element_type=\"widget\" data-e-type=\"widget\" data-widget_type=\"text-editor.default\">\n\t\t\t\t<div class=\"elementor-widget-container\">\n\t\t\t\t\t\t\t\t\t<p>In accordance with the French \u201cInformatique et Libert\u00e9s\u201d law of January 6, 1978, and the General Data Protection Regulation (GDPR) of April 27, 2016, you have the right to access, rectify, oppose, and delete your personal data.<\/p><p>\u2022 Data Controller: Resone.<\/p><p>\u2022 Purpose of processing: Order management, communication, commercial analysis, etc.<\/p><p>\u2022 Data recipients: Resone, partners, and service providers involved in order processing.<\/p><p>\u2022 To exercise your rights, contact: info@resone.eu. <a href=\"mailto:info@resone.eu\">info@resone.eu<\/a>.<\/p>\t\t\t\t\t\t\t\t<\/div>\n\t\t\t\t<\/div>\n\t\t\t\t<div class=\"elementor-element elementor-element-15753ec elementor-widget elementor-widget-heading\" data-id=\"15753ec\" data-element_type=\"widget\" data-e-type=\"widget\" data-widget_type=\"heading.default\">\n\t\t\t\t<div class=\"elementor-widget-container\">\n\t\t\t\t\t<h3 class=\"elementor-heading-title elementor-size-default\">8. Cookies<\/h3>\t\t\t\t<\/div>\n\t\t\t\t<\/div>\n\t\t\t\t<div class=\"elementor-element elementor-element-28b66d5 elementor-widget elementor-widget-text-editor\" data-id=\"28b66d5\" data-element_type=\"widget\" data-e-type=\"widget\" data-widget_type=\"text-editor.default\">\n\t\t\t\t<div class=\"elementor-widget-container\">\n\t\t\t\t\t\t\t\t\t<p>The Site uses cookies to improve browsing experience, analyze traffic, and display targeted advertising. You can manage your cookie preferences at any time via your browser settings.<\/p><p>For more information, please refer to our privacy policy.<\/p>\t\t\t\t\t\t\t\t<\/div>\n\t\t\t\t<\/div>\n\t\t\t\t<div class=\"elementor-element elementor-element-d84dde3 elementor-widget elementor-widget-heading\" data-id=\"d84dde3\" data-element_type=\"widget\" data-e-type=\"widget\" data-widget_type=\"heading.default\">\n\t\t\t\t<div class=\"elementor-widget-container\">\n\t\t\t\t\t<h3 class=\"elementor-heading-title elementor-size-default\">9. Disclaimer<\/h3>\t\t\t\t<\/div>\n\t\t\t\t<\/div>\n\t\t\t\t<div class=\"elementor-element elementor-element-9768ed1 elementor-widget elementor-widget-text-editor\" data-id=\"9768ed1\" data-element_type=\"widget\" data-e-type=\"widget\" data-widget_type=\"text-editor.default\">\n\t\t\t\t<div class=\"elementor-widget-container\">\n\t\t\t\t\t\t\t\t\t<p>The Site may contain technical errors, typographical mistakes, or inaccurate information. Resone reserves the right to correct them at any time without notice. We are not liable for any direct or indirect loss or damage resulting from use of the Site.<\/p>\t\t\t\t\t\t\t\t<\/div>\n\t\t\t\t<\/div>\n\t\t\t\t<div class=\"elementor-element elementor-element-bbd13e2 elementor-widget elementor-widget-heading\" data-id=\"bbd13e2\" data-element_type=\"widget\" data-e-type=\"widget\" data-widget_type=\"heading.default\">\n\t\t\t\t<div class=\"elementor-widget-container\">\n\t\t\t\t\t<h3 class=\"elementor-heading-title elementor-size-default\">10. Terms and conditions of Sales<\/h3>\t\t\t\t<\/div>\n\t\t\t\t<\/div>\n\t\t\t\t<div class=\"elementor-element elementor-element-cd5c2d4 elementor-widget elementor-widget-text-editor\" data-id=\"cd5c2d4\" data-element_type=\"widget\" data-e-type=\"widget\" data-widget_type=\"text-editor.default\">\n\t\t\t\t<div class=\"elementor-widget-container\">\n\t\t\t\t\t\t\t\t\t<p>The Terms and Conditions of Sale govern the sale of alcoholic products via this Site. They are available at <span style=\"text-decoration: underline;\"><a href=\"\/en\/cgv\/\">the following link<\/a><\/span>.<\/p>\t\t\t\t\t\t\t\t<\/div>\n\t\t\t\t<\/div>\n\t\t\t\t<div class=\"elementor-element elementor-element-a951a07 elementor-widget elementor-widget-heading\" data-id=\"a951a07\" data-element_type=\"widget\" data-e-type=\"widget\" data-widget_type=\"heading.default\">\n\t\t\t\t<div class=\"elementor-widget-container\">\n\t\t\t\t\t<h3 class=\"elementor-heading-title elementor-size-default\">11. Applicable law and dispute resolution<\/h3>\t\t\t\t<\/div>\n\t\t\t\t<\/div>\n\t\t\t\t<div class=\"elementor-element elementor-element-10a7d20 elementor-widget elementor-widget-text-editor\" data-id=\"10a7d20\" data-element_type=\"widget\" data-e-type=\"widget\" data-widget_type=\"text-editor.default\">\n\t\t\t\t<div class=\"elementor-widget-container\">\n\t\t\t\t\t\t\t\t\t<p>This legal notice is governed by French law. In case of a dispute, the parties agree to seek an amicable resolution. Failing that, jurisdiction will fall to the courts located in the jurisdiction of Resone's registered office.<\/p>\t\t\t\t\t\t\t\t<\/div>\n\t\t\t\t<\/div>\n\t\t\t\t<div class=\"elementor-element elementor-element-df4c352 elementor-widget elementor-widget-heading\" data-id=\"df4c352\" data-element_type=\"widget\" data-e-type=\"widget\" data-widget_type=\"heading.default\">\n\t\t\t\t<div class=\"elementor-widget-container\">\n\t\t\t\t\t<h3 class=\"elementor-heading-title elementor-size-default\">12. Force majeure<\/h3>\t\t\t\t<\/div>\n\t\t\t\t<\/div>\n\t\t\t\t<div class=\"elementor-element elementor-element-5b9d019 elementor-widget elementor-widget-text-editor\" data-id=\"5b9d019\" data-element_type=\"widget\" data-e-type=\"widget\" data-widget_type=\"text-editor.default\">\n\t\t\t\t<div class=\"elementor-widget-container\">\n\t\t\t\t\t\t\t\t\t<p>In cases of force majeure, Resone shall not be held liable for delays or failure to fulfill its obligations. Force majeure includes but is not limited to natural disasters, strikes, pandemics, or any event beyond Resone\u2019s control.<\/p>\t\t\t\t\t\t\t\t<\/div>\n\t\t\t\t<\/div>\n\t\t\t\t<div class=\"elementor-element elementor-element-5720714 elementor-widget elementor-widget-heading\" data-id=\"5720714\" data-element_type=\"widget\" data-e-type=\"widget\" data-widget_type=\"heading.default\">\n\t\t\t\t<div class=\"elementor-widget-container\">\n\t\t\t\t\t<h3 class=\"elementor-heading-title elementor-size-default\">13. External links<\/h3>\t\t\t\t<\/div>\n\t\t\t\t<\/div>\n\t\t\t\t<div class=\"elementor-element elementor-element-f02c5c5 elementor-widget elementor-widget-text-editor\" data-id=\"f02c5c5\" data-element_type=\"widget\" data-e-type=\"widget\" data-widget_type=\"text-editor.default\">\n\t\t\t\t<div class=\"elementor-widget-container\">\n\t\t\t\t\t\t\t\t\t<p>The Site may contain links to other websites. Resone is not responsible for the content or practices of those external sites. The inclusion of such links does not imply endorsement.<\/p>\t\t\t\t\t\t\t\t<\/div>\n\t\t\t\t<\/div>\n\t\t\t\t<div class=\"elementor-element elementor-element-1734519 elementor-widget elementor-widget-heading\" data-id=\"1734519\" data-element_type=\"widget\" data-e-type=\"widget\" data-widget_type=\"heading.default\">\n\t\t\t\t<div class=\"elementor-widget-container\">\n\t\t\t\t\t<h3 class=\"elementor-heading-title elementor-size-default\">14. Updates to the legal notice<\/h3>\t\t\t\t<\/div>\n\t\t\t\t<\/div>\n\t\t\t\t<div class=\"elementor-element elementor-element-3b9ff20 elementor-widget__width-initial elementor-widget elementor-widget-text-editor\" data-id=\"3b9ff20\" data-element_type=\"widget\" data-e-type=\"widget\" data-widget_type=\"text-editor.default\">\n\t\t\t\t<div class=\"elementor-widget-container\">\n\t\t\t\t\t\t\t\t\t<p>This legal notice may be modified or updated at any time without prior notice. We recommend consulting it regularly.<\/p>\t\t\t\t\t\t\t\t<\/div>\n\t\t\t\t<\/div>\n\t\t\t\t\t<\/div>\n\t\t<\/div>\n\t\t\t\t\t<\/div>\n\t\t<\/section>\n\t\t\t\t<\/div>","protected":false},"excerpt":{"rendered":"<p>information Mentions L\u00e9gales 1. Pr\u00e9sentation du site internet Le pr\u00e9sent Site, accessible \u00e0 l&rsquo;adresse https:\/\/boumboum.fr (ci-apr\u00e8s \u00ab\u00a0le Site\u00a0\u00bb), est un<\/p>\n<p><a href=\"https:\/\/boumboum.fr\/en\/mentions-legales\/\" class=\"more-link\">Continue reading<span class=\"screen-reader-text\">Legal Notice<\/span><\/a><\/p>","protected":false},"author":3,"featured_media":0,"parent":0,"menu_order":0,"comment_status":"closed","ping_status":"closed","template":"","meta":{"footnotes":""},"class_list":["post-7021","page","type-page","status-publish","hentry"],"aioseo_notices":[],"_links":{"self":[{"href":"https:\/\/boumboum.fr\/en\/wp-json\/wp\/v2\/pages\/7021","targetHints":{"allow":["GET"]}}],"collection":[{"href":"https:\/\/boumboum.fr\/en\/wp-json\/wp\/v2\/pages"}],"about":[{"href":"https:\/\/boumboum.fr\/en\/wp-json\/wp\/v2\/types\/page"}],"author":[{"embeddable":true,"href":"https:\/\/boumboum.fr\/en\/wp-json\/wp\/v2\/users\/3"}],"replies":[{"embeddable":true,"href":"https:\/\/boumboum.fr\/en\/wp-json\/wp\/v2\/comments?post=7021"}],"version-history":[{"count":0,"href":"https:\/\/boumboum.fr\/en\/wp-json\/wp\/v2\/pages\/7021\/revisions"}],"wp:attachment":[{"href":"https:\/\/boumboum.fr\/en\/wp-json\/wp\/v2\/media?parent=7021"}],"curies":[{"name":"wp","href":"https:\/\/api.w.org\/{rel}","templated":true}]}}